{"id":2,"date":"2025-06-12T11:58:46","date_gmt":"2025-06-12T09:58:46","guid":{"rendered":"https:\/\/reservofficerarna.se\/reservofficeren\/?page_id=2"},"modified":"2026-03-18T12:15:02","modified_gmt":"2026-03-18T11:15:02","slug":"reservofficeren","status":"publish","type":"page","link":"https:\/\/reservofficerarna.se\/reservofficeren\/","title":{"rendered":"Reservofficeren"},"content":{"rendered":"<div class=\"widget\">\n  <div class=\"p-5 bg-white\">\n    <h2 class=\"font-sans text-2xl\">Tidningen Reservofficeren<\/h2>\n\n          <div class=\"mt-2\">\n        <p>Officiellt organ f\u00f6r F\u00f6rbundet Reservofficerarna. Enskilda artiklar ger inte n\u00f6dv\u00e4ndigt uttryck f\u00f6r f\u00f6rbundets officiella st\u00e5ndpunkt.<\/p>\n\n      <\/div>\n    \n          <ul class=\"mt-2\">\n                  <li>\n            <a\n      href=\"https:\/\/reservofficerarna.se\/reservofficeren\/kontakt\/\"\n      target=\"_self\"\n      rel=\"bookmark\"\n      class=\"group flex items-center transition-colors text-primary\"\n    ><span\n                class=\"\n                  material-icons\n                  mr-1 text-xl\n                  transform transition-transform group-hover:translate-x-px\n                \"\n                aria-hidden=\"true\"\n              >\n                arrow_forward\n              <\/span>\n              <span class=\"underline\">Kontakt<\/span><\/a>\n            <\/li>\n                  <li>\n            <a\n      href=\"https:\/\/reservofficerarna.se\/reservofficeren\/tidningsarkiv\/\"\n      target=\"_self\"\n      rel=\"bookmark\"\n      class=\"group flex items-center transition-colors text-primary\"\n    ><span\n                class=\"\n                  material-icons\n                  mr-1 text-xl\n                  transform transition-transform group-hover:translate-x-px\n                \"\n                aria-hidden=\"true\"\n              >\n                arrow_forward\n              <\/span>\n              <span class=\"underline\">Tidningsarkiv<\/span><\/a>\n            <\/li>\n              <\/ul>\n    \n          <div class=\"mt-4\">\n        <img loading=\"lazy\" width=\"300\" height=\"391\" src=\"https:\/\/reservofficerarna.se\/app\/uploads\/sites\/2\/2026\/03\/ro-1-2026-omslag-72-300x391.jpg\" class=\"object-cover object-center shadow-md\" alt=\"\" decoding=\"async\" srcset=\"https:\/\/reservofficerarna.se\/app\/uploads\/sites\/2\/2026\/03\/ro-1-2026-omslag-72-300x391.jpg 300w, https:\/\/reservofficerarna.se\/app\/uploads\/sites\/2\/2026\/03\/ro-1-2026-omslag-72-460x600.jpg 460w, https:\/\/reservofficerarna.se\/app\/uploads\/sites\/2\/2026\/03\/ro-1-2026-omslag-72.jpg 609w\" sizes=\"(max-width: 300px) 100vw, 300px\" \/>\n      <\/div>\n      <\/div>\n<\/div>\n\n\n<article class=\"widget\">\n    <a class=\"group\" href=\"https:\/\/reservofficerarna.se\/reservofficeren\/ledare\/nu-ar-det-dags-att-prioritera-oss-reservofficerare\/\">\n      \n              <div\n          class=\"\n            hidden mb-1.5\n            font-condblack text-secondary uppercase\n            md:block\n          \"\n        >\n          Ledare\n        <\/div>\n      \n      <h2\n        class=\"\n          font-condblack text-2xl\n          transition-colors group-hover:text-secondary\n        \"\n      >\n        Nu \u00e4r det dags att prioritera oss reservofficerare\n      <\/h2>\n\n              <div class=\"mt-2 leading-snug md:mt-1.5 md:line-clamp-3\">\n                      <span\n              class=\"\n                mr-1\n                font-condblack text-secondary uppercase\n                md:hidden\n              \"\n            >\n              Ledare\n            <\/span>\n          \n          Rysslands brutala anfallskrig mot Ukraina visar med all \u00f6nskv\u00e4rd tydlighet varf\u00f6r vi beh\u00f6ver en stark och fullt bemannad F\u00f6rsvarsmakt \u00e4ven i Sverige. Ukraina har p\u00e5 sju \u00e5r lyckats g\u00e5 fr\u00e5n 0 till 17 brigader samt fyra artilleribrigader. Det g\u00e5r allts\u00e5 att tillv\u00e4xa, och att g\u00f6ra det snabbt. F\u00f6rutsatt att man prioriterar. Riksrevisionen kritiserade i b\u00f6rjan &hellip;\n        <\/div>\n          <\/a>\n  <\/article>\n\n\n<article class=\"widget\">\n    <a class=\"group\" href=\"https:\/\/reservofficerarna.se\/reservofficeren\/pa-djupet\/sa-kommer-ett-natomedlemskap-att-paverka-reservarna\/\">\n      \n              <div\n          class=\"\n            hidden mb-1.5\n            font-condblack text-secondary uppercase\n            md:block\n          \"\n        >\n          Internationellt\n        <\/div>\n      \n      <h2\n        class=\"\n          font-condblack text-2xl\n          transition-colors group-hover:text-secondary\n        \"\n      >\n        S\u00e5 kommer ett Natomedlemskap att p\u00e5verka reservarna\n      <\/h2>\n\n              <div class=\"mt-2 leading-snug md:mt-1.5 md:line-clamp-3\">\n                      <span\n              class=\"\n                mr-1\n                font-condblack text-secondary uppercase\n                md:hidden\n              \"\n            >\n              Internationellt\n            <\/span>\n          \n          Ett svenskt Nato-medlemskap kommer att p\u00e5verka reservofficerens m\u00f6jligheter en hel del, b\u00e5de i h\u00f6gre staber och ute p\u00e5 f\u00f6rbanden. Fr\u00e4mst genom att det visar det p\u00e5 den officersbrist som redan finns \u2013 och den \u00e4r stor. \u2013&nbsp;Den goda nyheten f\u00f6r oss reservofficerare som \u00e4r aktiva \u00e4r att det ytterligare kommer \u00f6ka m\u00f6jligheterna till tj\u00e4nstg\u00f6ring, konstaterar &hellip;\n        <\/div>\n          <\/a>\n  <\/article>\n\n\n<article class=\"widget\">\n    <a class=\"group\" href=\"https:\/\/reservofficerarna.se\/reservofficeren\/tjanstgoring\/tank-pa-det-har-innan-du-tackar-ja-till-tjanstgoring\/\">\n      \n              <div\n          class=\"\n            hidden mb-1.5\n            font-condblack text-secondary uppercase\n            md:block\n          \"\n        >\n          P\u00e5 f\u00f6rhandlingsfronten\n        <\/div>\n      \n      <h2\n        class=\"\n          font-condblack text-2xl\n          transition-colors group-hover:text-secondary\n        \"\n      >\n        T\u00e4nk p\u00e5 det h\u00e4r innan du tackar ja till tj\u00e4nstg\u00f6ring\n      <\/h2>\n\n              <div class=\"mt-2 leading-snug md:mt-1.5 md:line-clamp-3\">\n                      <span\n              class=\"\n                mr-1\n                font-condblack text-secondary uppercase\n                md:hidden\n              \"\n            >\n              P\u00e5 f\u00f6rhandlingsfronten\n            <\/span>\n          \n          Ska du \u00e4ntligen b\u00f6rja jobba som reservofficer? Eller aktiveras efter l\u00e5ng tid av \u201dnoll-avtal\u201d?\u00a0H\u00e5ll koll p\u00e5 villkoren, s\u00e5 att det inte blir strul och problem. Kunskapen om reservofficerares villkor \u00e4r generellt l\u00e5g, b\u00e5de i det civila och i F\u00f6rsvarsmakten. Se till att f\u00e5 skriftlig dokumentation fr\u00e5n F\u00f6rsvarsmakten, och kom \u00f6verens om f\u00f6ruts\u00e4ttningarna innan du tackar &hellip;\n        <\/div>\n          <\/a>\n  <\/article>\n","protected":false},"excerpt":{"rendered":"","protected":false},"author":1,"featured_media":2097,"parent":0,"menu_order":0,"comment_status":"closed","ping_status":"open","template":"","meta":{"footnotes":""},"acf":[],"yoast_head":"<!-- This site is optimized with the Yoast SEO plugin v21.4 - https:\/\/yoast.com\/wordpress\/plugins\/seo\/ -->\n<title>Reservofficeren - Reservofficeren<\/title>\n<meta name=\"robots\" content=\"index, follow, max-snippet:-1, max-image-preview:large, max-video-preview:-1\" \/>\n<link rel=\"canonical\" href=\"https:\/\/reservofficerarna.se\/reservofficeren\/\" \/>\n<meta property=\"og:locale\" content=\"sv_SE\" \/>\n<meta property=\"og:type\" content=\"article\" \/>\n<meta property=\"og:title\" content=\"Reservofficeren - Reservofficeren\" \/>\n<meta property=\"og:url\" content=\"https:\/\/reservofficerarna.se\/reservofficeren\/\" \/>\n<meta property=\"og:site_name\" content=\"Reservofficeren\" \/>\n<meta property=\"article:modified_time\" content=\"2026-03-18T11:15:02+00:00\" \/>\n<meta property=\"og:image\" content=\"https:\/\/reservofficerarna.se\/app\/uploads\/sites\/2\/2026\/03\/ro-1-2026-omslag-72.jpg\" \/>\n\t<meta property=\"og:image:width\" content=\"609\" \/>\n\t<meta property=\"og:image:height\" content=\"794\" \/>\n\t<meta property=\"og:image:type\" content=\"image\/jpeg\" \/>\n<meta name=\"twitter:card\" content=\"summary_large_image\" \/>\n<script type=\"application\/ld+json\" class=\"yoast-schema-graph\">{\"@context\":\"https:\/\/schema.org\",\"@graph\":[{\"@type\":\"WebPage\",\"@id\":\"https:\/\/reservofficerarna.se\/reservofficeren\/\",\"url\":\"https:\/\/reservofficerarna.se\/reservofficeren\/\",\"name\":\"Reservofficeren - Reservofficeren\",\"isPartOf\":{\"@id\":\"https:\/\/staging.reservofficerarna.se\/reservofficeren\/#website\"},\"datePublished\":\"2025-06-12T09:58:46+00:00\",\"dateModified\":\"2026-03-18T11:15:02+00:00\",\"breadcrumb\":{\"@id\":\"https:\/\/reservofficerarna.se\/reservofficeren\/#breadcrumb\"},\"inLanguage\":\"sv-SE\",\"potentialAction\":[{\"@type\":\"ReadAction\",\"target\":[\"https:\/\/reservofficerarna.se\/reservofficeren\/\"]}]},{\"@type\":\"BreadcrumbList\",\"@id\":\"https:\/\/reservofficerarna.se\/reservofficeren\/#breadcrumb\",\"itemListElement\":[{\"@type\":\"ListItem\",\"position\":1,\"name\":\"Hem\",\"item\":\"https:\/\/reservofficerarna.se\/reservofficeren\/\"},{\"@type\":\"ListItem\",\"position\":2,\"name\":\"Reservofficeren\"}]},{\"@type\":\"WebSite\",\"@id\":\"https:\/\/staging.reservofficerarna.se\/reservofficeren\/#website\",\"url\":\"https:\/\/staging.reservofficerarna.se\/reservofficeren\/\",\"name\":\"Reservofficeren\",\"description\":\"F\u00f6rbundet Reservofficerarnas tidning\",\"potentialAction\":[{\"@type\":\"SearchAction\",\"target\":{\"@type\":\"EntryPoint\",\"urlTemplate\":\"https:\/\/staging.reservofficerarna.se\/reservofficeren\/?s={search_term_string}\"},\"query-input\":\"required name=search_term_string\"}],\"inLanguage\":\"sv-SE\"}]}<\/script>\n<!-- \/ Yoast SEO plugin. -->","yoast_head_json":{"title":"Reservofficeren - Reservofficeren","robots":{"index":"index","follow":"follow","max-snippet":"max-snippet:-1","max-image-preview":"max-image-preview:large","max-video-preview":"max-video-preview:-1"},"canonical":"https:\/\/reservofficerarna.se\/reservofficeren\/","og_locale":"sv_SE","og_type":"article","og_title":"Reservofficeren - Reservofficeren","og_url":"https:\/\/reservofficerarna.se\/reservofficeren\/","og_site_name":"Reservofficeren","article_modified_time":"2026-03-18T11:15:02+00:00","og_image":[{"width":609,"height":794,"url":"https:\/\/reservofficerarna.se\/app\/uploads\/sites\/2\/2026\/03\/ro-1-2026-omslag-72.jpg","type":"image\/jpeg"}],"twitter_card":"summary_large_image","schema":{"@context":"https:\/\/schema.org","@graph":[{"@type":"WebPage","@id":"https:\/\/reservofficerarna.se\/reservofficeren\/","url":"https:\/\/reservofficerarna.se\/reservofficeren\/","name":"Reservofficeren - Reservofficeren","isPartOf":{"@id":"https:\/\/staging.reservofficerarna.se\/reservofficeren\/#website"},"datePublished":"2025-06-12T09:58:46+00:00","dateModified":"2026-03-18T11:15:02+00:00","breadcrumb":{"@id":"https:\/\/reservofficerarna.se\/reservofficeren\/#breadcrumb"},"inLanguage":"sv-SE","potentialAction":[{"@type":"ReadAction","target":["https:\/\/reservofficerarna.se\/reservofficeren\/"]}]},{"@type":"BreadcrumbList","@id":"https:\/\/reservofficerarna.se\/reservofficeren\/#breadcrumb","itemListElement":[{"@type":"ListItem","position":1,"name":"Hem","item":"https:\/\/reservofficerarna.se\/reservofficeren\/"},{"@type":"ListItem","position":2,"name":"Reservofficeren"}]},{"@type":"WebSite","@id":"https:\/\/staging.reservofficerarna.se\/reservofficeren\/#website","url":"https:\/\/staging.reservofficerarna.se\/reservofficeren\/","name":"Reservofficeren","description":"F\u00f6rbundet Reservofficerarnas tidning","potentialAction":[{"@type":"SearchAction","target":{"@type":"EntryPoint","urlTemplate":"https:\/\/staging.reservofficerarna.se\/reservofficeren\/?s={search_term_string}"},"query-input":"required name=search_term_string"}],"inLanguage":"sv-SE"}]}},"_links":{"self":[{"href":"https:\/\/reservofficerarna.se\/reservofficeren\/wp-json\/wp\/v2\/pages\/2"}],"collection":[{"href":"https:\/\/reservofficerarna.se\/reservofficeren\/wp-json\/wp\/v2\/pages"}],"about":[{"href":"https:\/\/reservofficerarna.se\/reservofficeren\/wp-json\/wp\/v2\/types\/page"}],"author":[{"embeddable":true,"href":"https:\/\/reservofficerarna.se\/reservofficeren\/wp-json\/wp\/v2\/users\/1"}],"replies":[{"embeddable":true,"href":"https:\/\/reservofficerarna.se\/reservofficeren\/wp-json\/wp\/v2\/comments?post=2"}],"version-history":[{"count":80,"href":"https:\/\/reservofficerarna.se\/reservofficeren\/wp-json\/wp\/v2\/pages\/2\/revisions"}],"predecessor-version":[{"id":2102,"href":"https:\/\/reservofficerarna.se\/reservofficeren\/wp-json\/wp\/v2\/pages\/2\/revisions\/2102"}],"wp:featuredmedia":[{"embeddable":true,"href":"https:\/\/reservofficerarna.se\/reservofficeren\/wp-json\/wp\/v2\/media\/2097"}],"wp:attachment":[{"href":"https:\/\/reservofficerarna.se\/reservofficeren\/wp-json\/wp\/v2\/media?parent=2"}],"curies":[{"name":"wp","href":"https:\/\/api.w.org\/{rel}","templated":true}]}}