{"id":8,"date":"2022-01-24T03:12:50","date_gmt":"2022-01-24T02:12:50","guid":{"rendered":"https:\/\/reservofficerarna.se\/reservofficeren\/?page_id=8"},"modified":"2024-01-15T16:24:32","modified_gmt":"2024-01-15T15:24:32","slug":"kontakt","status":"publish","type":"page","link":"https:\/\/reservofficerarna.se\/reservofficeren\/kontakt\/","title":{"rendered":"Kontakt"},"content":{"rendered":"\n<p class=\"has-lead-text-font-size\">V\u00e5r tidning n\u00e5r samtliga medlemmar, f\u00f6rband och h\u00f6gre chefer i F\u00f6rsvarsmakten. Dessutom l\u00e4ses den flitigt av politiker, opinionsbildare och f\u00f6retag.<\/p>\n\n\n\n<p>Vill du komma i kontakt med redaktionen? H\u00f6r av dig till <a href=\"mailto:&#104;&#101;&#108;ene&#64;a4.se\">Helene Claesson<\/a>.<\/p>\n\n\n\n<p><strong>Ansvarig utgivare<\/strong>: Magnus Konradsson<br><strong>Chefredakt\u00f6r<\/strong>: Jenny Harlin, <a href=\"mailto:jenny.har&#108;in&#64;r&#101;s&#101;&#114;&#118;off&#105;ce&#114;&#97;r&#110;&#97;.se\">jenny.&#104;&#97;r&#108;&#105;n&#64;&#114;&#101;s&#101;&#114;v&#111;&#102;&#102;ic&#101;r&#97;r&#110;&#97;&#46;se<\/a><\/p>\n","protected":false},"excerpt":{"rendered":"<p>V\u00e5r tidning n\u00e5r samtliga medlemmar, f\u00f6rband och h\u00f6gre chefer i F\u00f6rsvarsmakten. Dessutom l\u00e4ses den flitigt av politiker, opinionsbildare och f\u00f6retag. Vill du komma i kontakt med redaktionen? H\u00f6r av dig till Helene Claesson. Ansvarig utgivare: Magnus KonradssonChefredakt\u00f6r: Jenny Harlin, jenny.&#104;&#97;r&#108;&#105;n&#64;&#114;e&#115;er&#118;o&#102;&#102;icera&#114;&#110;&#97;&#46;&#115;&#101;<\/p>\n","protected":false},"author":1,"featured_media":0,"parent":0,"menu_order":0,"comment_status":"closed","ping_status":"closed","template":"","meta":{"_acf_changed":false,"footnotes":""},"class_list":["post-8","page","type-page","status-publish","hentry"],"acf":[],"yoast_head":"<!-- This site is optimized with the Yoast SEO plugin v27.4 - https:\/\/yoast.com\/product\/yoast-seo-wordpress\/ -->\n<title>Kontakt - Reservofficeren<\/title>\n<meta name=\"robots\" content=\"index, follow, max-snippet:-1, max-image-preview:large, max-video-preview:-1\" \/>\n<link rel=\"canonical\" href=\"https:\/\/reservofficerarna.se\/reservofficeren\/kontakt\/\" \/>\n<meta property=\"og:locale\" content=\"sv_SE\" \/>\n<meta property=\"og:type\" content=\"article\" \/>\n<meta property=\"og:title\" content=\"Kontakt - Reservofficeren\" \/>\n<meta property=\"og:description\" content=\"V\u00e5r tidning n\u00e5r samtliga medlemmar, f\u00f6rband och h\u00f6gre chefer i F\u00f6rsvarsmakten. Dessutom l\u00e4ses den flitigt av politiker, opinionsbildare och f\u00f6retag. Vill du komma i kontakt med redaktionen? H\u00f6r av dig till Helene Claesson. Ansvarig utgivare: Magnus KonradssonChefredakt\u00f6r: Jenny Harlin, jenny.&#104;&#097;&#114;&#108;&#105;n&#064;&#114;e&#115;e&#114;v&#111;&#102;f&#105;c&#101;r&#097;&#114;na.&#115;e\" \/>\n<meta property=\"og:url\" content=\"https:\/\/reservofficerarna.se\/reservofficeren\/kontakt\/\" \/>\n<meta property=\"og:site_name\" content=\"Reservofficeren\" \/>\n<meta property=\"article:modified_time\" content=\"2024-01-15T15:24:32+00:00\" \/>\n<meta property=\"og:image\" content=\"https:\/\/reservofficerarna.se\/app\/uploads\/sites\/2\/2022\/04\/og-reservofficerarna.png\" \/>\n\t<meta property=\"og:image:width\" content=\"1200\" \/>\n\t<meta property=\"og:image:height\" content=\"630\" \/>\n\t<meta property=\"og:image:type\" content=\"image\/png\" \/>\n<meta name=\"twitter:card\" content=\"summary_large_image\" \/>\n<meta name=\"twitter:label1\" content=\"Ber\u00e4knad l\u00e4stid\" \/>\n\t<meta name=\"twitter:data1\" content=\"1 minut\" \/>\n<script type=\"application\/ld+json\" class=\"yoast-schema-graph\">{\"@context\":\"https:\\\/\\\/schema.org\",\"@graph\":[{\"@type\":\"WebPage\",\"@id\":\"https:\\\/\\\/reservofficerarna.se\\\/reservofficeren\\\/kontakt\\\/\",\"url\":\"https:\\\/\\\/reservofficerarna.se\\\/reservofficeren\\\/kontakt\\\/\",\"name\":\"Kontakt - Reservofficeren\",\"isPartOf\":{\"@id\":\"https:\\\/\\\/staging.reservofficerarna.se\\\/reservofficeren\\\/#website\"},\"datePublished\":\"2022-01-24T02:12:50+00:00\",\"dateModified\":\"2024-01-15T15:24:32+00:00\",\"breadcrumb\":{\"@id\":\"https:\\\/\\\/reservofficerarna.se\\\/reservofficeren\\\/kontakt\\\/#breadcrumb\"},\"inLanguage\":\"sv-SE\",\"potentialAction\":[{\"@type\":\"ReadAction\",\"target\":[\"https:\\\/\\\/reservofficerarna.se\\\/reservofficeren\\\/kontakt\\\/\"]}]},{\"@type\":\"BreadcrumbList\",\"@id\":\"https:\\\/\\\/reservofficerarna.se\\\/reservofficeren\\\/kontakt\\\/#breadcrumb\",\"itemListElement\":[{\"@type\":\"ListItem\",\"position\":1,\"name\":\"Hem\",\"item\":\"https:\\\/\\\/reservofficerarna.se\\\/reservofficeren\\\/\"},{\"@type\":\"ListItem\",\"position\":2,\"name\":\"Kontakt\"}]},{\"@type\":\"WebSite\",\"@id\":\"https:\\\/\\\/staging.reservofficerarna.se\\\/reservofficeren\\\/#website\",\"url\":\"https:\\\/\\\/staging.reservofficerarna.se\\\/reservofficeren\\\/\",\"name\":\"Reservofficeren\",\"description\":\"F\u00f6rbundet Reservofficerarnas tidning\",\"potentialAction\":[{\"@type\":\"SearchAction\",\"target\":{\"@type\":\"EntryPoint\",\"urlTemplate\":\"https:\\\/\\\/staging.reservofficerarna.se\\\/reservofficeren\\\/?s={search_term_string}\"},\"query-input\":{\"@type\":\"PropertyValueSpecification\",\"valueRequired\":true,\"valueName\":\"search_term_string\"}}],\"inLanguage\":\"sv-SE\"}]}<\/script>\n<!-- \/ Yoast SEO plugin. -->","yoast_head_json":{"title":"Kontakt - Reservofficeren","robots":{"index":"index","follow":"follow","max-snippet":"max-snippet:-1","max-image-preview":"max-image-preview:large","max-video-preview":"max-video-preview:-1"},"canonical":"https:\/\/reservofficerarna.se\/reservofficeren\/kontakt\/","og_locale":"sv_SE","og_type":"article","og_title":"Kontakt - Reservofficeren","og_description":"V\u00e5r tidning n\u00e5r samtliga medlemmar, f\u00f6rband och h\u00f6gre chefer i F\u00f6rsvarsmakten. Dessutom l\u00e4ses den flitigt av politiker, opinionsbildare och f\u00f6retag. Vill du komma i kontakt med redaktionen? H\u00f6r av dig till Helene Claesson. Ansvarig utgivare: Magnus KonradssonChefredakt\u00f6r: Jenny Harlin, jenny.&#104;&#97;&#114;&#108;&#105;n&#64;&#114;e&#115;e&#114;v&#111;&#102;f&#105;c&#101;r&#97;&#114;na.&#115;e","og_url":"https:\/\/reservofficerarna.se\/reservofficeren\/kontakt\/","og_site_name":"Reservofficeren","article_modified_time":"2024-01-15T15:24:32+00:00","og_image":[{"width":1200,"height":630,"url":"https:\/\/reservofficerarna.se\/app\/uploads\/sites\/2\/2022\/04\/og-reservofficerarna.png","type":"image\/png"}],"twitter_card":"summary_large_image","twitter_misc":{"Ber\u00e4knad l\u00e4stid":"1 minut"},"schema":{"@context":"https:\/\/schema.org","@graph":[{"@type":"WebPage","@id":"https:\/\/reservofficerarna.se\/reservofficeren\/kontakt\/","url":"https:\/\/reservofficerarna.se\/reservofficeren\/kontakt\/","name":"Kontakt - Reservofficeren","isPartOf":{"@id":"https:\/\/staging.reservofficerarna.se\/reservofficeren\/#website"},"datePublished":"2022-01-24T02:12:50+00:00","dateModified":"2024-01-15T15:24:32+00:00","breadcrumb":{"@id":"https:\/\/reservofficerarna.se\/reservofficeren\/kontakt\/#breadcrumb"},"inLanguage":"sv-SE","potentialAction":[{"@type":"ReadAction","target":["https:\/\/reservofficerarna.se\/reservofficeren\/kontakt\/"]}]},{"@type":"BreadcrumbList","@id":"https:\/\/reservofficerarna.se\/reservofficeren\/kontakt\/#breadcrumb","itemListElement":[{"@type":"ListItem","position":1,"name":"Hem","item":"https:\/\/reservofficerarna.se\/reservofficeren\/"},{"@type":"ListItem","position":2,"name":"Kontakt"}]},{"@type":"WebSite","@id":"https:\/\/staging.reservofficerarna.se\/reservofficeren\/#website","url":"https:\/\/staging.reservofficerarna.se\/reservofficeren\/","name":"Reservofficeren","description":"F\u00f6rbundet Reservofficerarnas tidning","potentialAction":[{"@type":"SearchAction","target":{"@type":"EntryPoint","urlTemplate":"https:\/\/staging.reservofficerarna.se\/reservofficeren\/?s={search_term_string}"},"query-input":{"@type":"PropertyValueSpecification","valueRequired":true,"valueName":"search_term_string"}}],"inLanguage":"sv-SE"}]}},"_links":{"self":[{"href":"https:\/\/reservofficerarna.se\/reservofficeren\/wp-json\/wp\/v2\/pages\/8","targetHints":{"allow":["GET"]}}],"collection":[{"href":"https:\/\/reservofficerarna.se\/reservofficeren\/wp-json\/wp\/v2\/pages"}],"about":[{"href":"https:\/\/reservofficerarna.se\/reservofficeren\/wp-json\/wp\/v2\/types\/page"}],"author":[{"embeddable":true,"href":"https:\/\/reservofficerarna.se\/reservofficeren\/wp-json\/wp\/v2\/users\/1"}],"replies":[{"embeddable":true,"href":"https:\/\/reservofficerarna.se\/reservofficeren\/wp-json\/wp\/v2\/comments?post=8"}],"version-history":[{"count":5,"href":"https:\/\/reservofficerarna.se\/reservofficeren\/wp-json\/wp\/v2\/pages\/8\/revisions"}],"predecessor-version":[{"id":1075,"href":"https:\/\/reservofficerarna.se\/reservofficeren\/wp-json\/wp\/v2\/pages\/8\/revisions\/1075"}],"wp:attachment":[{"href":"https:\/\/reservofficerarna.se\/reservofficeren\/wp-json\/wp\/v2\/media?parent=8"}],"curies":[{"name":"wp","href":"https:\/\/api.w.org\/{rel}","templated":true}]}}